{"id":83,"date":"2025-08-22T15:50:52","date_gmt":"2025-08-22T14:50:52","guid":{"rendered":"https:\/\/www.imoxpert.fr\/?page_id=83"},"modified":"2025-08-22T16:11:49","modified_gmt":"2025-08-22T15:11:49","slug":"vente","status":"publish","type":"page","link":"https:\/\/www.imoxpert.fr\/index.php\/home\/vente\/","title":{"rendered":"Quels diagnostics, constats ou rep\u00e9rages faut-il avoir pour la vente d&rsquo;un bien immobilier ?"},"content":{"rendered":"\n<p>Vous \u00eates un particulier et vous vendez une maison ou un appartement, voici les diagnostics qui vous seront demand\u00e9s :<\/p>\n\n\n\n<p><\/p>\n\n\n\n<figure class=\"wp-block-table\"><table><tbody><tr><td>Amiante<\/td><td>Depuis le 1er septembre 2002<strong> <\/strong>pour les biens construits <strong>avant juillet 1997<\/strong><\/td><td><\/td><td><\/td><\/tr><tr><td>Termites<\/td><td>Depuis le 8 juin 1999, dans les <strong>zones d\u00e9limit\u00e9es par arr\u00eat\u00e9 pr\u00e9fectoral<\/strong><\/td><td><\/td><td><\/td><\/tr><tr><td>Constat de Risque d&rsquo;exposition au Plomb (CREP)<\/td><td>Depuis le 27 avril 2006 pour les biens construits <strong>avant 1949<\/strong><\/td><td><\/td><td><\/td><\/tr><tr><td>Electricit\u00e9<\/td><td>Depuis le 1er janvier 2009 pour les<strong> installations de plus de 15 ans<\/strong><\/td><td><\/td><td><\/td><\/tr><tr><td>Gaz<\/td><td>Depuis le 1er novembre 2007 pour les <strong>installations de plus de 15 ans<\/strong><\/td><td><\/td><td><\/td><\/tr><tr><td>Diagnostics de Performance Energ\u00e9tique (DPE)<\/td><td>Depuis le 1er novembre 2006<\/td><td><\/td><td><\/td><\/tr><tr><td>Etat de surface (loi Carrez)<\/td><td>Obligatoire depuis le 18 d\u00e9cembre 1996 pour les <strong>biens en copropri\u00e9t\u00e9<\/strong><\/td><td><\/td><td><\/td><\/tr><tr><td>Etat des Risques et pollutions (ERP)<\/td><td>Obligatoire depuis le 1er juin 2006<\/td><td><\/td><td><\/td><\/tr><tr><td>Assainissement<\/td><td>Obligatoire depuis le 1er janvier 2011 pour les <strong>assainissements non collectifs<\/strong><\/td><td><\/td><td><\/td><\/tr><tr><td>Piscine \/ SPA <\/td><td>Obligatoire depuis le 3 janvier 2003<\/td><td><\/td><td><\/td><\/tr><\/tbody><\/table><figcaption class=\"wp-element-caption\"><em><strong>La l\u00e9gislation \u00e9tant complexe et en permanente mutation, les indications ci-dessus sont informatives, non garanties et non contractuelles.<\/strong><\/em><br>N&rsquo;h\u00e9sitez pas \u00e0 nous contacter pour une information adapt\u00e9e \u00e0 votre situation.<\/figcaption><\/figure>\n\n\n\n<p><\/p>\n","protected":false},"excerpt":{"rendered":"<p>Vous \u00eates un particulier et vous vendez une maison ou un appartement, voici les diagnostics qui vous seront demand\u00e9s : Amiante Depuis le 1er septembre 2002 pour les biens construits avant juillet 1997 Termites Depuis le 8 juin 1999, dans les zones d\u00e9limit\u00e9es par arr\u00eat\u00e9 pr\u00e9fectoral Constat de Risque d&rsquo;exposition au Plomb (CREP) Depuis le [&hellip;]<\/p>\n","protected":false},"author":1,"featured_media":86,"parent":8,"menu_order":0,"comment_status":"closed","ping_status":"closed","template":"","meta":{"footnotes":""},"class_list":["post-83","page","type-page","status-publish","has-post-thumbnail","hentry"],"_links":{"self":[{"href":"https:\/\/www.imoxpert.fr\/index.php\/wp-json\/wp\/v2\/pages\/83","targetHints":{"allow":["GET"]}}],"collection":[{"href":"https:\/\/www.imoxpert.fr\/index.php\/wp-json\/wp\/v2\/pages"}],"about":[{"href":"https:\/\/www.imoxpert.fr\/index.php\/wp-json\/wp\/v2\/types\/page"}],"author":[{"embeddable":true,"href":"https:\/\/www.imoxpert.fr\/index.php\/wp-json\/wp\/v2\/users\/1"}],"replies":[{"embeddable":true,"href":"https:\/\/www.imoxpert.fr\/index.php\/wp-json\/wp\/v2\/comments?post=83"}],"version-history":[{"count":4,"href":"https:\/\/www.imoxpert.fr\/index.php\/wp-json\/wp\/v2\/pages\/83\/revisions"}],"predecessor-version":[{"id":99,"href":"https:\/\/www.imoxpert.fr\/index.php\/wp-json\/wp\/v2\/pages\/83\/revisions\/99"}],"up":[{"embeddable":true,"href":"https:\/\/www.imoxpert.fr\/index.php\/wp-json\/wp\/v2\/pages\/8"}],"wp:featuredmedia":[{"embeddable":true,"href":"https:\/\/www.imoxpert.fr\/index.php\/wp-json\/wp\/v2\/media\/86"}],"wp:attachment":[{"href":"https:\/\/www.imoxpert.fr\/index.php\/wp-json\/wp\/v2\/media?parent=83"}],"curies":[{"name":"wp","href":"https:\/\/api.w.org\/{rel}","templated":true}]}}