{"id":70,"date":"2025-08-04T10:03:32","date_gmt":"2025-08-04T10:03:32","guid":{"rendered":"http:\/\/imoxpert.fr\/?page_id=70"},"modified":"2025-09-24T16:41:19","modified_gmt":"2025-09-24T15:41:19","slug":"surface-erp","status":"publish","type":"page","link":"https:\/\/www.imoxpert.fr\/index.php\/surface-erp\/","title":{"rendered":"Surface, ERP, &#8230;"},"content":{"rendered":"\n<p>Pour la <strong>vente de votre bien immobilier dans une copropri\u00e9t\u00e9<\/strong>, vous devez \u00e9tablir un \u00e9tat de surface en conformit\u00e9 avec la loi Carrez. <br>Avec imoXpert, fa\u00eetes r\u00e9aliser cet \u00e9tat de surface par un professionnel form\u00e9 qui vous fournira un certificat pertinent et rassurant pour l&rsquo;acheteur.<\/p>\n\n\n\n<p>Pour la <strong>location de votre bien immobilier<\/strong>, vous devez \u00e9tablir un \u00e9tat de surface en conformit\u00e9 avec la loi Boutin s&rsquo;il s&rsquo;agit de la r\u00e9sidence principale de votre futur locataire . <br>Avec imoXpert, fa\u00eetes r\u00e9aliser cet \u00e9tat de surface par un professionnel form\u00e9 qui vous fournira ainsi un certificat d\u00e9taill\u00e9 \u00e0 annexer \u00e0 votre bail de location.<\/p>\n\n\n\n<p>imoXpert pourra \u00e9galement vous \u00e9tablir l&rsquo;\u00c9tat des Risques et des Pollutions. Ce document, <strong>obligatoire en cas de vente ou de location<\/strong>, devra \u00eatre annex\u00e9 \u00e0 l&rsquo;acte de vente ou le bail de location.<\/p>\n","protected":false},"excerpt":{"rendered":"<p>Pour la vente de votre bien immobilier dans une copropri\u00e9t\u00e9, vous devez \u00e9tablir un \u00e9tat de surface en conformit\u00e9 avec la loi Carrez. Avec imoXpert, fa\u00eetes r\u00e9aliser cet \u00e9tat de surface par un professionnel form\u00e9 qui vous fournira un certificat pertinent et rassurant pour l&rsquo;acheteur. Pour la location de votre bien immobilier, vous devez \u00e9tablir [&hellip;]<\/p>\n","protected":false},"author":1,"featured_media":0,"parent":0,"menu_order":0,"comment_status":"closed","ping_status":"closed","template":"","meta":{"footnotes":""},"class_list":["post-70","page","type-page","status-publish","hentry"],"_links":{"self":[{"href":"https:\/\/www.imoxpert.fr\/index.php\/wp-json\/wp\/v2\/pages\/70","targetHints":{"allow":["GET"]}}],"collection":[{"href":"https:\/\/www.imoxpert.fr\/index.php\/wp-json\/wp\/v2\/pages"}],"about":[{"href":"https:\/\/www.imoxpert.fr\/index.php\/wp-json\/wp\/v2\/types\/page"}],"author":[{"embeddable":true,"href":"https:\/\/www.imoxpert.fr\/index.php\/wp-json\/wp\/v2\/users\/1"}],"replies":[{"embeddable":true,"href":"https:\/\/www.imoxpert.fr\/index.php\/wp-json\/wp\/v2\/comments?post=70"}],"version-history":[{"count":3,"href":"https:\/\/www.imoxpert.fr\/index.php\/wp-json\/wp\/v2\/pages\/70\/revisions"}],"predecessor-version":[{"id":110,"href":"https:\/\/www.imoxpert.fr\/index.php\/wp-json\/wp\/v2\/pages\/70\/revisions\/110"}],"wp:attachment":[{"href":"https:\/\/www.imoxpert.fr\/index.php\/wp-json\/wp\/v2\/media?parent=70"}],"curies":[{"name":"wp","href":"https:\/\/api.w.org\/{rel}","templated":true}]}}