{"id":68,"date":"2025-08-04T09:53:59","date_gmt":"2025-08-04T09:53:59","guid":{"rendered":"http:\/\/imoxpert.fr\/?page_id=68"},"modified":"2025-08-04T10:41:23","modified_gmt":"2025-08-04T10:41:23","slug":"diagnostics-electricite-gaz-amiante","status":"publish","type":"page","link":"https:\/\/www.imoxpert.fr\/index.php\/diagnostics-electricite-gaz-amiante\/","title":{"rendered":"Diagnostics \u00e9lectricit\u00e9, gaz, amiante"},"content":{"rendered":"\n<h2 class=\"wp-block-heading\">Electricit\u00e9 &amp; Gaz<\/h2>\n\n\n\n<p>Si votre installation de gaz ou d&rsquo;\u00e9lectricit\u00e9 date de + de 15 ans, vous devez faire r\u00e9aliser un diagnostic de votre installation, que ce soit pour la <strong>vente ou pour la location<\/strong>.<br>Avec imoXpert, fa\u00eetes r\u00e9aliser votre diagnostic gaz ou \u00e9lectricit\u00e9 par un <strong>diagnostiqueur certifi\u00e9<\/strong>. Ce contr\u00f4le de vos installations vous permettra de vendre ou de louer votre bien immobilier en <strong>conformit\u00e9 avec la l\u00e9gislation<\/strong>.<\/p>\n\n\n\n<p><\/p>\n\n\n\n<h2 class=\"wp-block-heading\">Amiante<\/h2>\n\n\n\n<p>Vous souhaitez <strong>vendre<\/strong> votre bien immobilier dont le<strong> permis de construire a \u00e9t\u00e9 d\u00e9livr\u00e9 avant le 1<sup>er<\/sup>&nbsp;juillet 1997<\/strong>, vous devez alors fournir un constat de rep\u00e9rage amiante. <br>Avec imoXpert, fa\u00eetes r\u00e9aliser votre rep\u00e9rage amiante en <strong>conformit\u00e9 avec la l\u00e9gislation<\/strong>.<\/p>\n\n\n\n<p><\/p>\n","protected":false},"excerpt":{"rendered":"<p>Electricit\u00e9 &amp; Gaz Si votre installation de gaz ou d&rsquo;\u00e9lectricit\u00e9 date de + de 15 ans, vous devez faire r\u00e9aliser un diagnostic de votre installation, que ce soit pour la vente ou pour la location.Avec imoXpert, fa\u00eetes r\u00e9aliser votre diagnostic gaz ou \u00e9lectricit\u00e9 par un diagnostiqueur certifi\u00e9. Ce contr\u00f4le de vos installations vous permettra de [&hellip;]<\/p>\n","protected":false},"author":1,"featured_media":0,"parent":0,"menu_order":0,"comment_status":"closed","ping_status":"closed","template":"","meta":{"footnotes":""},"class_list":["post-68","page","type-page","status-publish","hentry"],"_links":{"self":[{"href":"https:\/\/www.imoxpert.fr\/index.php\/wp-json\/wp\/v2\/pages\/68","targetHints":{"allow":["GET"]}}],"collection":[{"href":"https:\/\/www.imoxpert.fr\/index.php\/wp-json\/wp\/v2\/pages"}],"about":[{"href":"https:\/\/www.imoxpert.fr\/index.php\/wp-json\/wp\/v2\/types\/page"}],"author":[{"embeddable":true,"href":"https:\/\/www.imoxpert.fr\/index.php\/wp-json\/wp\/v2\/users\/1"}],"replies":[{"embeddable":true,"href":"https:\/\/www.imoxpert.fr\/index.php\/wp-json\/wp\/v2\/comments?post=68"}],"version-history":[{"count":2,"href":"https:\/\/www.imoxpert.fr\/index.php\/wp-json\/wp\/v2\/pages\/68\/revisions"}],"predecessor-version":[{"id":77,"href":"https:\/\/www.imoxpert.fr\/index.php\/wp-json\/wp\/v2\/pages\/68\/revisions\/77"}],"wp:attachment":[{"href":"https:\/\/www.imoxpert.fr\/index.php\/wp-json\/wp\/v2\/media?parent=68"}],"curies":[{"name":"wp","href":"https:\/\/api.w.org\/{rel}","templated":true}]}}