{"id":3,"date":"2025-07-28T15:16:39","date_gmt":"2025-07-28T15:16:39","guid":{"rendered":"http:\/\/imoxpert.fr\/?page_id=3"},"modified":"2025-09-29T15:07:38","modified_gmt":"2025-09-29T14:07:38","slug":"mentions_legales","status":"publish","type":"page","link":"https:\/\/www.imoxpert.fr\/index.php\/mentions_legales\/","title":{"rendered":"MENTIONS LEGALES"},"content":{"rendered":"\n<h2 class=\"wp-block-heading\">Qui sommes-nous ?<\/h2>\n\n\n\n<p><strong class=\"privacy-policy-tutorial\">L&rsquo;adresse de ce site : <\/strong> http:\/\/imoxpert.fr.<\/p>\n\n\n\n<p>H\u00e9bergeur : OVH SAS est une filiale de la soci\u00e9t\u00e9 OVH Groupe SA, soci\u00e9t\u00e9 immatricul\u00e9e au RCS de Lille sous le num\u00e9ro 537 407 926 sise&nbsp;2, rue Kellermann, 59100 Roubaix<\/p>\n\n\n\n<figure class=\"wp-block-image size-full\"><img loading=\"lazy\" decoding=\"async\" width=\"468\" height=\"362\" src=\"https:\/\/www.imoxpert.fr\/wp-content\/uploads\/2025\/09\/CoordonneesCompletes.jpg\" alt=\"\" class=\"wp-image-113\" srcset=\"https:\/\/www.imoxpert.fr\/wp-content\/uploads\/2025\/09\/CoordonneesCompletes.jpg 468w, https:\/\/www.imoxpert.fr\/wp-content\/uploads\/2025\/09\/CoordonneesCompletes-300x232.jpg 300w\" sizes=\"auto, (max-width: 468px) 100vw, 468px\" \/><\/figure>\n\n\n\n<h2 class=\"wp-block-heading\">Cookies<\/h2>\n\n\n\n<p>Si vous laissez un commentaire sur notre site, vous pouvez choisir d&rsquo;enregistrer votre nom, votre adresse e-mail et votre site web dans des cookies. Ces cookies sont utilis\u00e9s pour votre confort et vous \u00e9vitent de les saisir \u00e0 nouveau lorsque vous laissez un autre commentaire. Leur dur\u00e9e de vie est d&rsquo;un an.<\/p>\n\n\n\n<p>Si vous visitez notre page de connexion, nous installerons un cookie temporaire afin de d\u00e9terminer si votre navigateur accepte les cookies. Ce cookie ne contient aucune donn\u00e9e personnelle et sera supprim\u00e9 \u00e0 la fermeture de votre navigateur.<\/p>\n\n\n\n<p>Lorsque vous vous connecterez, nous installerons \u00e9galement plusieurs cookies pour enregistrer vos informations de connexion et vos pr\u00e9f\u00e9rences d&rsquo;affichage. La dur\u00e9e de vie des cookies de connexion est de deux jours et celle des cookies d&rsquo;options d&rsquo;affichage est d&rsquo;un an. Si vous cochez \u00ab&nbsp;Se souvenir de moi&nbsp;\u00bb, votre connexion sera conserv\u00e9e pendant deux semaines. Si vous vous d\u00e9connectez de votre compte, les cookies de connexion seront supprim\u00e9s.<\/p>\n\n\n\n<p>Si vous modifiez ou publiez un article, un cookie suppl\u00e9mentaire sera enregistr\u00e9 dans votre navigateur. Ce cookie ne contient aucune donn\u00e9e personnelle et indique simplement l&rsquo;identifiant de l&rsquo;article que vous venez de modifier. Il expire au bout d&rsquo;un jour.<\/p>\n\n\n\n<p><\/p>\n\n\n\n<h2 class=\"wp-block-heading\">Conservation des donn\u00e9es<\/h2>\n\n\n\n<p>Si vous laissez un commentaire, celui-ci et ses m\u00e9tadonn\u00e9es sont conserv\u00e9s ind\u00e9finiment. Cela nous permet de reconna\u00eetre et d&rsquo;approuver automatiquement les commentaires suivants, au lieu de les laisser en attente de mod\u00e9ration.<\/p>\n\n\n\n<p>Pour les utilisateurs qui s&rsquo;inscrivent sur notre site web (le cas \u00e9ch\u00e9ant), nous stockons \u00e9galement les informations personnelles qu&rsquo;ils fournissent dans leur profil. Tous les utilisateurs peuvent consulter, modifier ou supprimer leurs informations personnelles \u00e0 tout moment (\u00e0 l&rsquo;exception de leur nom d&rsquo;utilisateur). Les administrateurs du site web peuvent \u00e9galement consulter et modifier ces informations.<\/p>\n\n\n\n<h2 class=\"wp-block-heading\">Vos droits sur vos donn\u00e9es<\/h2>\n\n\n\n<p>Si vous avez un compte sur ce site ou si vous avez laiss\u00e9 des commentaires, vous pouvez demander \u00e0 recevoir un fichier contenant toutes les donn\u00e9es personnelles que nous d\u00e9tenons \u00e0 votre sujet, y compris celles que vous nous avez fournies. Vous pouvez \u00e9galement demander la suppression de toutes les donn\u00e9es personnelles vous concernant. Cela ne prend pas en compte les donn\u00e9es que nous sommes tenus de conserver \u00e0 des fins administratives, l\u00e9gales ou de s\u00e9curit\u00e9.<\/p>\n\n\n\n<h2 class=\"wp-block-heading\">O\u00f9 sont transmises vos donn\u00e9es<\/h2>\n\n\n\n<p>Les informations saisies sur ce site peuvent \u00eatre v\u00e9rifi\u00e9s via un service automatis\u00e9 de d\u00e9tection de spam.<\/p>\n","protected":false},"excerpt":{"rendered":"<p>Qui sommes-nous ? L&rsquo;adresse de ce site : http:\/\/imoxpert.fr. H\u00e9bergeur : OVH SAS est une filiale de la soci\u00e9t\u00e9 OVH Groupe SA, soci\u00e9t\u00e9 immatricul\u00e9e au RCS de Lille sous le num\u00e9ro 537 407 926 sise&nbsp;2, rue Kellermann, 59100 Roubaix Cookies Si vous laissez un commentaire sur notre site, vous pouvez choisir d&rsquo;enregistrer votre nom, votre [&hellip;]<\/p>\n","protected":false},"author":1,"featured_media":0,"parent":0,"menu_order":0,"comment_status":"closed","ping_status":"open","template":"","meta":{"footnotes":""},"class_list":["post-3","page","type-page","status-publish","hentry"],"_links":{"self":[{"href":"https:\/\/www.imoxpert.fr\/index.php\/wp-json\/wp\/v2\/pages\/3","targetHints":{"allow":["GET"]}}],"collection":[{"href":"https:\/\/www.imoxpert.fr\/index.php\/wp-json\/wp\/v2\/pages"}],"about":[{"href":"https:\/\/www.imoxpert.fr\/index.php\/wp-json\/wp\/v2\/types\/page"}],"author":[{"embeddable":true,"href":"https:\/\/www.imoxpert.fr\/index.php\/wp-json\/wp\/v2\/users\/1"}],"replies":[{"embeddable":true,"href":"https:\/\/www.imoxpert.fr\/index.php\/wp-json\/wp\/v2\/comments?post=3"}],"version-history":[{"count":3,"href":"https:\/\/www.imoxpert.fr\/index.php\/wp-json\/wp\/v2\/pages\/3\/revisions"}],"predecessor-version":[{"id":114,"href":"https:\/\/www.imoxpert.fr\/index.php\/wp-json\/wp\/v2\/pages\/3\/revisions\/114"}],"wp:attachment":[{"href":"https:\/\/www.imoxpert.fr\/index.php\/wp-json\/wp\/v2\/media?parent=3"}],"curies":[{"name":"wp","href":"https:\/\/api.w.org\/{rel}","templated":true}]}}