{"id":2,"date":"2025-07-28T15:16:39","date_gmt":"2025-07-28T15:16:39","guid":{"rendered":"http:\/\/imoxpert.fr\/?page_id=2"},"modified":"2025-08-04T10:43:38","modified_gmt":"2025-08-04T10:43:38","slug":"sample-page","status":"publish","type":"page","link":"https:\/\/www.imoxpert.fr\/index.php\/sample-page\/","title":{"rendered":"Diagnostic de Performance Energ\u00e9tique"},"content":{"rendered":"\n<figure class=\"wp-block-image size-full\"><img loading=\"lazy\" decoding=\"async\" width=\"387\" height=\"212\" src=\"http:\/\/imoxpert.fr\/wp-content\/uploads\/2025\/08\/PhotoDPE.jpg\" alt=\"\" class=\"wp-image-56\" srcset=\"https:\/\/www.imoxpert.fr\/wp-content\/uploads\/2025\/08\/PhotoDPE.jpg 387w, https:\/\/www.imoxpert.fr\/wp-content\/uploads\/2025\/08\/PhotoDPE-300x164.jpg 300w\" sizes=\"auto, (max-width: 387px) 100vw, 387px\" \/><\/figure>\n\n\n\n<p><\/p>\n\n\n\n<p>Le fameux diagnostic \u00e9nerg\u00e9tique connu sous l&rsquo;acronyme <strong>DPE<\/strong>, et sa d\u00e9sormais c\u00e9l\u00e8bre lettre de A \u00e0 G, pour <strong>vendre ou louer<\/strong> un bien immobilier.<\/p>\n\n\n\n<p>C&rsquo;est \u00e9galement un <strong>DPE<\/strong>, m\u00eame s&rsquo;il est diff\u00e9rent, qu&rsquo;il vous faudra faire r\u00e9aliser si vous <strong>d\u00e9poser un permis de construire<\/strong> pour un extension ou une construction.<\/p>\n\n\n\n<blockquote class=\"wp-block-quote is-layout-flow wp-block-quote-is-layout-flow\">\n<p>imoXpert r\u00e9alise pour votre compte les diagnostics \u00e9nerg\u00e9tiques dont vous aurez besoin.<\/p>\n<\/blockquote>\n\n\n\n<p><\/p>\n\n\n\n<blockquote class=\"wp-block-quote is-layout-flow wp-block-quote-is-layout-flow\">\n<p><\/p>\n<\/blockquote>\n\n\n\n<p><\/p>\n","protected":false},"excerpt":{"rendered":"<p>Le fameux diagnostic \u00e9nerg\u00e9tique connu sous l&rsquo;acronyme DPE, et sa d\u00e9sormais c\u00e9l\u00e8bre lettre de A \u00e0 G, pour vendre ou louer un bien immobilier. C&rsquo;est \u00e9galement un DPE, m\u00eame s&rsquo;il est diff\u00e9rent, qu&rsquo;il vous faudra faire r\u00e9aliser si vous d\u00e9poser un permis de construire pour un extension ou une construction. imoXpert r\u00e9alise pour votre compte [&hellip;]<\/p>\n","protected":false},"author":1,"featured_media":56,"parent":0,"menu_order":0,"comment_status":"closed","ping_status":"open","template":"","meta":{"footnotes":""},"class_list":["post-2","page","type-page","status-publish","has-post-thumbnail","hentry"],"_links":{"self":[{"href":"https:\/\/www.imoxpert.fr\/index.php\/wp-json\/wp\/v2\/pages\/2","targetHints":{"allow":["GET"]}}],"collection":[{"href":"https:\/\/www.imoxpert.fr\/index.php\/wp-json\/wp\/v2\/pages"}],"about":[{"href":"https:\/\/www.imoxpert.fr\/index.php\/wp-json\/wp\/v2\/types\/page"}],"author":[{"embeddable":true,"href":"https:\/\/www.imoxpert.fr\/index.php\/wp-json\/wp\/v2\/users\/1"}],"replies":[{"embeddable":true,"href":"https:\/\/www.imoxpert.fr\/index.php\/wp-json\/wp\/v2\/comments?post=2"}],"version-history":[{"count":5,"href":"https:\/\/www.imoxpert.fr\/index.php\/wp-json\/wp\/v2\/pages\/2\/revisions"}],"predecessor-version":[{"id":78,"href":"https:\/\/www.imoxpert.fr\/index.php\/wp-json\/wp\/v2\/pages\/2\/revisions\/78"}],"wp:featuredmedia":[{"embeddable":true,"href":"https:\/\/www.imoxpert.fr\/index.php\/wp-json\/wp\/v2\/media\/56"}],"wp:attachment":[{"href":"https:\/\/www.imoxpert.fr\/index.php\/wp-json\/wp\/v2\/media?parent=2"}],"curies":[{"name":"wp","href":"https:\/\/api.w.org\/{rel}","templated":true}]}}